{"id":77,"date":"2022-06-08T04:57:27","date_gmt":"2022-06-08T04:57:27","guid":{"rendered":"https:\/\/achau-group.com\/tin-tuc\/"},"modified":"2025-05-28T14:07:47","modified_gmt":"2025-05-28T07:07:47","slug":"news","status":"publish","type":"page","link":"https:\/\/achau-group.com\/en\/news\/","title":{"rendered":"NEWS"},"content":{"rendered":"\n    \n    <section class=\"u-clearfix u-image u-section-2\" id=\"sec-8cab\" data-image-width=\"1920\" data-image-height=\"835\" style=\"background-image: url(&quot;https:\/\/achau-group.com\/en\/wp-content\/uploads\/2022\/06\/2f287e088ee54ebb17f4.jpg&quot;);\">\n      <div class=\"u-clearfix u-sheet u-sheet-1\">\n        <h1 class=\"u-align-left u-text u-text-white u-text-1\"> Consistency, transparency<br>constancy, timeliness\n        <\/h1>\n      <\/div>\n    <\/section>\n    <section class=\"u-align-center u-clearfix u-grey-10 u-section-3\" id=\"carousel_97ef\">\n      <div class=\"u-clearfix u-sheet u-valign-middle-lg u-valign-middle-xl u-sheet-1\">\n        <h2 class=\"u-custom-font u-font-montserrat u-text u-text-custom-color-2 u-text-1\"> NEWS<\/h2>\n        <div class=\"u-blog u-expanded-width u-blog-1\">\n          <div class=\"u-repeater u-repeater-1\">\n            <div class=\"u-blog-post u-border-5 u-border-custom-color-1 u-border-no-left u-border-no-right u-border-no-top u-container-style u-repeater-item u-white u-repeater-item-1\">\n              <div class=\"u-container-layout u-similar-container u-container-layout-1\"><a class=\"u-blog-control u-expanded-width u-image u-image-default u-image-1\" href=\"https:\/\/achau-group.com\/en\/asia-international-group-launches-helmet-brands-royce-kio\/\">\n                <img decoding=\"async\" alt=\"\" class=\"u-blog-control u-expanded-width u-image u-image-default u-image-1\" src=\"https:\/\/achau-group.com\/en\/wp-content\/uploads\/2022\/11\/IMG_8526-scaled-1.jpg\"><\/a>\n                <div class=\"u-align-center u-container-style u-expanded-width u-group u-group-1\">\n                  <div class=\"u-container-layout u-container-layout-2\">\n                    <h2 class=\"u-blog-control u-custom-font u-font-montserrat u-text u-text-2\">\n                      <a class=\"u-post-header-link\" href=\"https:\/\/achau-group.com\/en\/asia-international-group-launches-helmet-brands-royce-kio\/\">Asia International Group launches helmet brands Royce, Kio<\/a>\n                    <\/h2>\n                    <div class=\"u-blog-control u-custom-font u-font-montserrat u-metadata u-text-grey-30 u-metadata-1\">\n                      <span class=\"u-meta-date u-meta-icon\">18\/11\/2022<\/span>\n                    <\/div>\n                    <div class=\"u-blog-control u-custom-font u-font-montserrat u-post-content u-text u-text-3\">On 11\/11\/2022, Asia International Group held a press conference and the launch ceremony of helmet brands including Royce and Kio at 5-star Tan Son &hellip;<\/div>\n                  <\/div>\n                <\/div>\n                <a href=\"https:\/\/achau-group.com\/en\/asia-international-group-launches-helmet-brands-royce-kio\/\" class=\"u-active-none u-align-center u-blog-control u-border-2 u-border-palette-1-base u-bottom-left-radius-0 u-bottom-right-radius-0 u-btn u-btn-rectangle u-button-style u-hover-none u-none u-radius-0 u-top-left-radius-0 u-top-right-radius-0 u-btn-1\">Read more<\/a>\n              <\/div>\n            <\/div>\n            <div class=\"u-blog-post u-border-5 u-border-custom-color-1 u-border-no-left u-border-no-right u-border-no-top u-container-style u-repeater-item u-white u-repeater-item-1\">\n              <div class=\"u-container-layout u-similar-container u-container-layout-1\"><a class=\"u-blog-control u-expanded-width u-image u-image-default u-image-1\" href=\"https:\/\/achau-group.com\/en\/hoi-nghi-khach-hang-tap-doan-quoc-te-a-chau-2022\/\">\n                <img decoding=\"async\" alt=\"\" class=\"u-blog-control u-expanded-width u-image u-image-default u-image-1\" src=\"https:\/\/achau-group.com\/en\/wp-content\/uploads\/2022\/06\/web-08.jpg\"><\/a>\n                <div class=\"u-align-center u-container-style u-expanded-width u-group u-group-1\">\n                  <div class=\"u-container-layout u-container-layout-2\">\n                    <h2 class=\"u-blog-control u-custom-font u-font-montserrat u-text u-text-2\">\n                      <a class=\"u-post-header-link\" href=\"https:\/\/achau-group.com\/en\/hoi-nghi-khach-hang-tap-doan-quoc-te-a-chau-2022\/\">A Chau International Group Customer Conference 2022<\/a>\n                    <\/h2>\n                    <div class=\"u-blog-control u-custom-font u-font-montserrat u-metadata u-text-grey-30 u-metadata-1\">\n                      <span class=\"u-meta-date u-meta-icon\">09\/06\/2022<\/span>\n                    <\/div>\n                    <div class=\"u-blog-control u-custom-font u-font-montserrat u-post-content u-text u-text-3\"><p>Ng\u00e0y 25\/5\/2022 v\u1eeba qua T\u1eadp \u0110o\u00e0n Qu\u1ed1c T\u1ebf \u00c1 Ch\u00e2u \u0111\u00e3 t\u1ed5 ch\u1ee9c th\u00e0nh c\u00f4ng H\u1ed9i ngh\u1ecb kh\u00e1ch h\u00e0ng 2022 v\u1edbi ch\u1ee7 \u0111\u1ec1: \"H\u1ee2P T\u00c1C PH\u00c1T TRI\u1ec2N - TH\u00c0NH C\u00d4NG TH\u1ecaNH &hellip;<\/p><\/div>\n                  <\/div>\n                <\/div>\n                <a href=\"https:\/\/achau-group.com\/en\/hoi-nghi-khach-hang-tap-doan-quoc-te-a-chau-2022\/\" class=\"u-active-none u-align-center u-blog-control u-border-2 u-border-palette-1-base u-bottom-left-radius-0 u-bottom-right-radius-0 u-btn u-btn-rectangle u-button-style u-hover-none u-none u-radius-0 u-top-left-radius-0 u-top-right-radius-0 u-btn-1\">Read more<\/a>\n              <\/div>\n            <\/div>\n          <\/div>\n        <\/div>\n      <\/div>\n    <\/section>\n    \n    \n  \n","protected":false},"excerpt":{"rendered":"<p>Consistency, transparencyconstancy, timeliness NEWS Asia International Group launches helmet brands Royce, Kio 18\/11\/2022 On 11\/11\/2022, Asia International Group held a press conference and the launch ceremony of helmet brands including Royce and Kio at 5-star Tan Son &hellip; Read more A Chau International Group Customer Conference 2022 09\/06\/2022 Ng\u00e0y 25\/5\/2022 v\u1eeba qua T\u1eadp \u0110o\u00e0n Qu\u1ed1c &hellip; <a href=\"https:\/\/achau-group.com\/en\/news\/\" class=\"more-link\">Continue reading<span class=\"screen-reader-text\"> &#8220;NEWS&#8221;<\/span><\/a><\/p>\n","protected":false},"author":1,"featured_media":0,"parent":0,"menu_order":6,"comment_status":"closed","ping_status":"closed","template":"","meta":{"footnotes":""},"class_list":["post-77","page","type-page","status-publish","hentry"],"_links":{"self":[{"href":"https:\/\/achau-group.com\/en\/wp-json\/wp\/v2\/pages\/77","targetHints":{"allow":["GET"]}}],"collection":[{"href":"https:\/\/achau-group.com\/en\/wp-json\/wp\/v2\/pages"}],"about":[{"href":"https:\/\/achau-group.com\/en\/wp-json\/wp\/v2\/types\/page"}],"author":[{"embeddable":true,"href":"https:\/\/achau-group.com\/en\/wp-json\/wp\/v2\/users\/1"}],"replies":[{"embeddable":true,"href":"https:\/\/achau-group.com\/en\/wp-json\/wp\/v2\/comments?post=77"}],"version-history":[{"count":11,"href":"https:\/\/achau-group.com\/en\/wp-json\/wp\/v2\/pages\/77\/revisions"}],"predecessor-version":[{"id":1084,"href":"https:\/\/achau-group.com\/en\/wp-json\/wp\/v2\/pages\/77\/revisions\/1084"}],"wp:attachment":[{"href":"https:\/\/achau-group.com\/en\/wp-json\/wp\/v2\/media?parent=77"}],"curies":[{"name":"wp","href":"https:\/\/api.w.org\/{rel}","templated":true}]}}