{"id":775,"date":"2022-06-24T15:51:45","date_gmt":"2022-06-24T08:51:45","guid":{"rendered":"https:\/\/achau-group.com\/en\/?page_id=775"},"modified":"2022-06-25T12:14:35","modified_gmt":"2022-06-25T05:14:35","slug":"community-activities","status":"publish","type":"page","link":"https:\/\/achau-group.com\/en\/community-activities\/","title":{"rendered":"COMMUNITY ACTIVITIES"},"content":{"rendered":"\n    \n    <section class=\"u-clearfix u-image u-shading u-section-2\" id=\"sec-8cab\" data-image-width=\"2560\" data-image-height=\"1920\" style=\"background-image: linear-gradient(0deg, rgba(0, 0, 0, 0.3), rgba(0, 0, 0, 0.3)), url(&quot;https:\/\/achau-group.com\/en\/wp-content\/uploads\/2022\/06\/172c479c087cef22b66d.jpg&quot;);\">\n      <div class=\"u-clearfix u-sheet u-valign-middle u-sheet-1\">\n        <h1 class=\"u-align-left u-text u-text-white u-text-1\"> Giving<br>is forever\n        <\/h1>\n      <\/div>\n    <\/section>\n    <section class=\"u-align-center u-border-2 u-border-grey-75 u-clearfix u-white u-section-3\" id=\"sec-af1b\">\n      <div class=\"u-clearfix u-sheet u-sheet-1\">\n        <h2 class=\"u-custom-font u-font-montserrat u-text u-text-custom-color-2 u-text-1\"> COMMUNITY ACTIVITIES<\/h2>\n        <p class=\"u-custom-font u-font-montserrat u-text u-text-black u-text-2\"> During the period of production and development activities, A Chau International Group is \nalways aware of its responsibility to the community and society, we always accompany \nvolunteer movements to join for the community. <\/p>\n        <div class=\"u-align-center u-border-1 u-border-grey-40 u-container-style u-expanded-width u-group u-group-1\">\n          <div class=\"u-container-layout u-container-layout-1\">\n            <div class=\"u-expanded-width u-gallery u-layout-grid u-lightbox u-show-text-on-hover u-gallery-1\">\n              <div class=\"u-gallery-inner u-gallery-inner-1\">\n                <div class=\"u-effect-fade u-gallery-item\">\n                  <div class=\"u-back-slide\" data-image-width=\"2560\" data-image-height=\"1920\">\n                    <img decoding=\"async\" class=\"u-back-image u-expanded\" src=\"https:\/\/achau-group.com\/en\/wp-content\/uploads\/2022\/06\/172c479c087cef22b66d.jpg\">\n                  <\/div>\n                  <div class=\"u-over-slide u-shading u-over-slide-1\">\n                    <h3 class=\"u-gallery-heading\"><\/h3>\n                    <p class=\"u-gallery-text\"><\/p>\n                  <\/div>\n                <\/div>\n                <div class=\"u-effect-fade u-gallery-item\">\n                  <div class=\"u-back-slide\" data-image-width=\"2560\" data-image-height=\"1920\">\n                    <img decoding=\"async\" class=\"u-back-image u-expanded\" src=\"https:\/\/achau-group.com\/en\/wp-content\/uploads\/2022\/06\/55ae40210fc1e89fb1d0.jpg\">\n                  <\/div>\n                  <div class=\"u-over-slide u-shading u-over-slide-2\">\n                    <h3 class=\"u-gallery-heading\"><\/h3>\n                    <p class=\"u-gallery-text\"><\/p>\n                  <\/div>\n                <\/div>\n                <div class=\"u-effect-fade u-gallery-item\">\n                  <div class=\"u-back-slide\" data-image-width=\"2560\" data-image-height=\"1920\">\n                    <img decoding=\"async\" class=\"u-back-image u-expanded\" src=\"https:\/\/achau-group.com\/en\/wp-content\/uploads\/2022\/06\/a8b869f32513c24d9b02.jpg\">\n                  <\/div>\n                  <div class=\"u-over-slide u-shading u-over-slide-3\">\n                    <h3 class=\"u-gallery-heading\"><\/h3>\n                    <p class=\"u-gallery-text\"><\/p>\n                  <\/div>\n                <\/div>\n              <\/div>\n            <\/div>\n            <p class=\"u-text u-text-body-color u-text-3\">Tuy\u00ean truy\u1ec1n \u0111\u1ed9i m\u0169 b\u1ea3o hi\u1ec3m cho con - tr\u1ecdn t\u00ecnh cha m\u1eb9<\/p>\n          <\/div>\n        <\/div>\n        <div class=\"u-align-center u-border-1 u-border-grey-40 u-container-style u-expanded-width u-group u-group-2\">\n          <div class=\"u-container-layout u-container-layout-2\">\n            <div class=\"u-expanded-width u-gallery u-layout-grid u-lightbox u-show-text-on-hover u-gallery-2\">\n              <div class=\"u-gallery-inner u-gallery-inner-2\">\n                <div class=\"u-effect-fade u-gallery-item\">\n                  <div class=\"u-back-slide\" data-image-width=\"1500\" data-image-height=\"1000\">\n                    <img decoding=\"async\" class=\"u-back-image u-expanded\" src=\"https:\/\/achau-group.com\/en\/wp-content\/uploads\/2022\/06\/MG_9788-1.jpg\">\n                  <\/div>\n                  <div class=\"u-over-slide u-shading u-over-slide-4\">\n                    <h3 class=\"u-gallery-heading\"><\/h3>\n                    <p class=\"u-gallery-text\"><\/p>\n                  <\/div>\n                <\/div>\n                <div class=\"u-effect-fade u-gallery-item\">\n                  <div class=\"u-back-slide\" data-image-width=\"1500\" data-image-height=\"1000\">\n                    <img decoding=\"async\" class=\"u-back-image u-expanded\" src=\"https:\/\/achau-group.com\/en\/wp-content\/uploads\/2022\/06\/MG_9843.jpg\">\n                  <\/div>\n                  <div class=\"u-over-slide u-shading u-over-slide-5\">\n                    <h3 class=\"u-gallery-heading\"><\/h3>\n                    <p class=\"u-gallery-text\"><\/p>\n                  <\/div>\n                <\/div>\n                <div class=\"u-effect-fade u-gallery-item\">\n                  <div class=\"u-back-slide\" data-image-width=\"1500\" data-image-height=\"1000\">\n                    <img decoding=\"async\" class=\"u-back-image u-expanded\" src=\"https:\/\/achau-group.com\/en\/wp-content\/uploads\/2022\/06\/MG_9713.jpg\">\n                  <\/div>\n                  <div class=\"u-over-slide u-shading u-over-slide-6\">\n                    <h3 class=\"u-gallery-heading\"><\/h3>\n                    <p class=\"u-gallery-text\"><\/p>\n                  <\/div>\n                <\/div>\n              <\/div>\n            <\/div>\n            <p class=\"u-text u-text-body-color u-text-4\">\u201cT\u1ea5m \u00e1o ngh\u0129a t\u00ecnh mi\u1ec1n Trung\u201d mang h\u01a1i \u1ea5m v\u1ec1 v\u1edbi h\u1ecdc sinh Qu\u1ea3ng Tr\u1ecb<\/p>\n          <\/div>\n        <\/div>\n        <div class=\"u-align-center u-border-1 u-border-grey-40 u-container-style u-expanded-width u-group u-group-3\">\n          <div class=\"u-container-layout u-container-layout-3\">\n            <div class=\"u-expanded-width u-gallery u-layout-grid u-lightbox u-show-text-on-hover u-gallery-3\">\n              <div class=\"u-gallery-inner u-gallery-inner-3\">\n                <div class=\"u-effect-fade u-gallery-item\">\n                  <div class=\"u-back-slide\" data-image-width=\"960\" data-image-height=\"600\">\n                    <img decoding=\"async\" class=\"u-back-image u-expanded\" src=\"https:\/\/achau-group.com\/en\/wp-content\/uploads\/2022\/06\/38507142_608805149513439_3559373117706993664_n.jpg\">\n                  <\/div>\n                  <div class=\"u-over-slide u-shading u-over-slide-7\">\n                    <h3 class=\"u-gallery-heading\"><\/h3>\n                    <p class=\"u-gallery-text\"><\/p>\n                  <\/div>\n                <\/div>\n                <div class=\"u-effect-fade u-gallery-item\">\n                  <div class=\"u-back-slide\" data-image-width=\"960\" data-image-height=\"466\">\n                    <img decoding=\"async\" class=\"u-back-image u-expanded\" src=\"https:\/\/achau-group.com\/en\/wp-content\/uploads\/2022\/06\/38491898_608805246180096_7431004303591997440_n.jpg\">\n                  <\/div>\n                  <div class=\"u-over-slide u-shading u-over-slide-8\">\n                    <h3 class=\"u-gallery-heading\"><\/h3>\n                    <p class=\"u-gallery-text\"><\/p>\n                  <\/div>\n                <\/div>\n                <div class=\"u-effect-fade u-gallery-item\">\n                  <div class=\"u-back-slide\" data-image-width=\"960\" data-image-height=\"720\">\n                    <img decoding=\"async\" class=\"u-back-image u-expanded\" src=\"https:\/\/achau-group.com\/en\/wp-content\/uploads\/2022\/06\/38614501_608805329513421_3568135740049063936_n.jpg\">\n                  <\/div>\n                  <div class=\"u-over-slide u-shading u-over-slide-9\">\n                    <h3 class=\"u-gallery-heading\"><\/h3>\n                    <p class=\"u-gallery-text\"><\/p>\n                  <\/div>\n                <\/div>\n              <\/div>\n            <\/div>\n            <p class=\"u-text u-text-body-color u-text-5\">T\u00e0i tr\u1ee3 xe \u0111\u1ea1p \"ti\u1ebfp s\u1ee9c \u0111\u1ebfn tr\u01b0\u1eddng\" t\u1ea1i huy\u1ec7n Ph\u00fa Ninh, Qu\u1ea3ng Nam 5\/8\/2018<\/p>\n          <\/div>\n        <\/div>\n        <div class=\"u-align-center u-border-1 u-border-grey-40 u-container-style u-expanded-width u-group u-group-4\">\n          <div class=\"u-container-layout u-container-layout-4\">\n            <div class=\"u-expanded-width u-gallery u-layout-grid u-lightbox u-show-text-on-hover u-gallery-4\">\n              <div class=\"u-gallery-inner u-gallery-inner-4\">\n                <div class=\"u-effect-fade u-gallery-item\">\n                  <div class=\"u-back-slide\" data-image-width=\"900\" data-image-height=\"600\">\n                    <img decoding=\"async\" class=\"u-back-image u-expanded\" src=\"https:\/\/achau-group.com\/en\/wp-content\/uploads\/2022\/06\/MG_3580.jpg\">\n                  <\/div>\n                  <div class=\"u-over-slide u-shading u-over-slide-10\">\n                    <h3 class=\"u-gallery-heading\"><\/h3>\n                    <p class=\"u-gallery-text\"><\/p>\n                  <\/div>\n                <\/div>\n                <div class=\"u-effect-fade u-gallery-item\">\n                  <div class=\"u-back-slide\" data-image-width=\"900\" data-image-height=\"600\">\n                    <img decoding=\"async\" class=\"u-back-image u-expanded\" src=\"https:\/\/achau-group.com\/en\/wp-content\/uploads\/2022\/06\/MG_3598a.jpg\">\n                  <\/div>\n                  <div class=\"u-over-slide u-shading u-over-slide-11\">\n                    <h3 class=\"u-gallery-heading\"><\/h3>\n                    <p class=\"u-gallery-text\"><\/p>\n                  <\/div>\n                <\/div>\n                <div class=\"u-effect-fade u-gallery-item\">\n                  <div class=\"u-back-slide\" data-image-width=\"900\" data-image-height=\"600\">\n                    <img decoding=\"async\" class=\"u-back-image u-expanded\" src=\"https:\/\/achau-group.com\/en\/wp-content\/uploads\/2022\/06\/MG_3625.jpg\">\n                  <\/div>\n                  <div class=\"u-over-slide u-shading u-over-slide-12\">\n                    <h3 class=\"u-gallery-heading\"><\/h3>\n                    <p class=\"u-gallery-text\"><\/p>\n                  <\/div>\n                <\/div>\n              <\/div>\n            <\/div>\n            <p class=\"u-text u-text-body-color u-text-6\">L\u1ec5 ph\u00e1t \u0111\u1ed9ng tri\u1ec3n khai ch\u1ec9 th\u1ecb 04\/CT-TG ng\u00e0y 19\/01\/2018 c\u1ee7a Th\u1ee7 T\u01b0\u1edbng Ch\u00ednh Ph\u1ee7 v\u00e0 t\u1eb7ng m\u0169 b\u1ea3o hi\u1ec3m cho h\u1ecdc sinh<\/p>\n          <\/div>\n        <\/div>\n      <\/div>\n    <\/section>\n    \n    \n  \n","protected":false},"excerpt":{"rendered":"<p>Givingis forever COMMUNITY ACTIVITIES During the period of production and development activities, A Chau International Group is always aware of its responsibility to the community and society, we always accompany volunteer movements to join for the community. Tuy\u00ean truy\u1ec1n \u0111\u1ed9i m\u0169 b\u1ea3o hi\u1ec3m cho con &#8211; tr\u1ecdn t\u00ecnh cha m\u1eb9 \u201cT\u1ea5m \u00e1o ngh\u0129a t\u00ecnh mi\u1ec1n &hellip; <a href=\"https:\/\/achau-group.com\/en\/community-activities\/\" class=\"more-link\">Continue reading<span class=\"screen-reader-text\"> &#8220;COMMUNITY ACTIVITIES&#8221;<\/span><\/a><\/p>\n","protected":false},"author":1,"featured_media":0,"parent":0,"menu_order":0,"comment_status":"closed","ping_status":"closed","template":"","meta":{"footnotes":""},"class_list":["post-775","page","type-page","status-publish","hentry"],"_links":{"self":[{"href":"https:\/\/achau-group.com\/en\/wp-json\/wp\/v2\/pages\/775","targetHints":{"allow":["GET"]}}],"collection":[{"href":"https:\/\/achau-group.com\/en\/wp-json\/wp\/v2\/pages"}],"about":[{"href":"https:\/\/achau-group.com\/en\/wp-json\/wp\/v2\/types\/page"}],"author":[{"embeddable":true,"href":"https:\/\/achau-group.com\/en\/wp-json\/wp\/v2\/users\/1"}],"replies":[{"embeddable":true,"href":"https:\/\/achau-group.com\/en\/wp-json\/wp\/v2\/comments?post=775"}],"version-history":[{"count":9,"href":"https:\/\/achau-group.com\/en\/wp-json\/wp\/v2\/pages\/775\/revisions"}],"predecessor-version":[{"id":856,"href":"https:\/\/achau-group.com\/en\/wp-json\/wp\/v2\/pages\/775\/revisions\/856"}],"wp:attachment":[{"href":"https:\/\/achau-group.com\/en\/wp-json\/wp\/v2\/media?parent=775"}],"curies":[{"name":"wp","href":"https:\/\/api.w.org\/{rel}","templated":true}]}}